{"id":20,"date":"2025-04-23T19:17:34","date_gmt":"2025-04-23T19:17:34","guid":{"rendered":"https:\/\/didabrasil.com.br\/assessoriadeimprensadigital\/?page_id=20"},"modified":"2025-04-28T18:25:00","modified_gmt":"2025-04-28T18:25:00","slug":"pagina-inicial","status":"publish","type":"page","link":"https:\/\/didabrasil.com.br\/assessoriadeimprensadigital\/","title":{"rendered":"P\u00e1gina Inicial"},"content":{"rendered":"\n<div class=\"wp-block-cover alignfull\" style=\"min-height:773px;aspect-ratio:unset;\"><img decoding=\"async\" class=\"wp-block-cover__image-background\" alt=\"\" src=\"https:\/\/didabrasil.com.br\/assessoriadeimprensadigital\/wp-content\/themes\/neve\/assets\/img\/starter-content\/neve-hero-2.png\" style=\"object-position:50% 72%\" data-object-fit=\"cover\" data-object-position=\"50% 72%\"\/><span aria-hidden=\"true\" class=\"wp-block-cover__background has-background-dim-0 has-background-dim\"><\/span><div class=\"wp-block-cover__inner-container is-layout-flow wp-block-cover-is-layout-flow\">\n<div class=\"wp-block-columns are-vertically-aligned-center is-layout-flex wp-container-core-columns-is-layout-9d6595d7 wp-block-columns-is-layout-flex\">\n<div class=\"wp-block-column is-vertically-aligned-center is-layout-flow wp-block-column-is-layout-flow\" style=\"padding-right:var(--wp--preset--spacing--20);padding-left:var(--wp--preset--spacing--20);flex-basis:65%\">\n<h1 class=\"wp-block-heading has-text-align-left has-nv-text-dark-bg-color has-text-color\"><strong>ASSESSORIA DE IMPRENSA<\/strong> DIGITAL 3.0<\/h1>\n\n\n\n<p class=\"has-text-align-left has-nv-text-dark-bg-color has-text-color\" style=\"font-size:17px\">O GUIA DEFINITIVO PARA ASSESSORES QUE QUEREM SE DESTACAR NO MUNDO DIGITAL<\/p>\n\n\n\n<div class=\"wp-block-buttons is-horizontal is-content-justification-left is-layout-flex wp-container-core-buttons-is-layout-7e5fce0a wp-block-buttons-is-layout-flex\">\n<div class=\"wp-block-button is-style-primary\"><a class=\"wp-block-button__link has-text-color has-background has-link-color has-text-align-center wp-element-button\" href=\"https:\/\/pay.hotmart.com\/L99238776J?bid=1745864448854\" style=\"color:#0a2279;background-color:#ffffff\">COMPRAR AGORA<\/a><\/div>\n<\/div>\n\n\n\n<div style=\"height:100px\" aria-hidden=\"true\" class=\"wp-block-spacer\"><\/div>\n<\/div>\n\n\n\n<div class=\"wp-block-column is-vertically-aligned-center is-layout-flow wp-block-column-is-layout-flow\">\n<figure class=\"wp-block-image size-full\"><img fetchpriority=\"high\" decoding=\"async\" width=\"1080\" height=\"1350\" src=\"https:\/\/didabrasil.com.br\/assessoriadeimprensadigital\/wp-content\/uploads\/2025\/04\/Blue-Soft-Magazine-Mockup-Pinterest-Pin-1.png\" alt=\"\" class=\"wp-image-59\" srcset=\"https:\/\/didabrasil.com.br\/assessoriadeimprensadigital\/wp-content\/uploads\/2025\/04\/Blue-Soft-Magazine-Mockup-Pinterest-Pin-1.png 1080w, https:\/\/didabrasil.com.br\/assessoriadeimprensadigital\/wp-content\/uploads\/2025\/04\/Blue-Soft-Magazine-Mockup-Pinterest-Pin-1-240x300.png 240w, https:\/\/didabrasil.com.br\/assessoriadeimprensadigital\/wp-content\/uploads\/2025\/04\/Blue-Soft-Magazine-Mockup-Pinterest-Pin-1-819x1024.png 819w, https:\/\/didabrasil.com.br\/assessoriadeimprensadigital\/wp-content\/uploads\/2025\/04\/Blue-Soft-Magazine-Mockup-Pinterest-Pin-1-768x960.png 768w\" sizes=\"(max-width: 1080px) 100vw, 1080px\" \/><\/figure>\n<\/div>\n<\/div>\n<\/div><\/div>\n\n\n\n<div class=\"wp-block-columns is-layout-flex wp-container-core-columns-is-layout-9d6595d7 wp-block-columns-is-layout-flex\">\n<div class=\"wp-block-column neve-duotone is-layout-flow wp-block-column-is-layout-flow\" style=\"padding-right:var(--wp--preset--spacing--30);padding-left:var(--wp--preset--spacing--30)\"><div class=\"wp-block-image icon-style is-style-default wp-duotone-unset-1\">\n<figure class=\"aligncenter size-full is-resized has-custom-border\"><img decoding=\"async\" width=\"1080\" height=\"1350\" src=\"https:\/\/didabrasil.com.br\/assessoriadeimprensadigital\/wp-content\/uploads\/2025\/04\/3-2.png\" alt=\"\" class=\"wp-image-83\" style=\"border-radius:0px;width:107px;height:auto\" title=\"\" srcset=\"https:\/\/didabrasil.com.br\/assessoriadeimprensadigital\/wp-content\/uploads\/2025\/04\/3-2.png 1080w, https:\/\/didabrasil.com.br\/assessoriadeimprensadigital\/wp-content\/uploads\/2025\/04\/3-2-240x300.png 240w, https:\/\/didabrasil.com.br\/assessoriadeimprensadigital\/wp-content\/uploads\/2025\/04\/3-2-819x1024.png 819w, https:\/\/didabrasil.com.br\/assessoriadeimprensadigital\/wp-content\/uploads\/2025\/04\/3-2-768x960.png 768w\" sizes=\"(max-width: 1080px) 100vw, 1080px\" \/><\/figure><\/div>\n\n\n<h3 class=\"wp-block-heading has-text-align-center has-neve-text-color-color has-text-color\">Assessores de imprensa<\/h3>\n\n\n\n<p class=\"has-text-align-center\"><\/p>\n\n\n\n<div style=\"height:20px\" aria-hidden=\"true\" class=\"wp-block-spacer\"><\/div>\n<\/div>\n\n\n\n<div class=\"wp-block-column is-layout-flow wp-block-column-is-layout-flow\" style=\"padding-right:var(--wp--preset--spacing--30);padding-left:var(--wp--preset--spacing--30)\"><div class=\"wp-block-image icon-style is-style-default\">\n<figure class=\"aligncenter size-full is-resized\"><img decoding=\"async\" width=\"1080\" height=\"1350\" src=\"https:\/\/didabrasil.com.br\/assessoriadeimprensadigital\/wp-content\/uploads\/2025\/04\/3-1.png\" alt=\"\" class=\"wp-image-65\" style=\"width:107px;height:auto\" title=\"\" srcset=\"https:\/\/didabrasil.com.br\/assessoriadeimprensadigital\/wp-content\/uploads\/2025\/04\/3-1.png 1080w, https:\/\/didabrasil.com.br\/assessoriadeimprensadigital\/wp-content\/uploads\/2025\/04\/3-1-240x300.png 240w, https:\/\/didabrasil.com.br\/assessoriadeimprensadigital\/wp-content\/uploads\/2025\/04\/3-1-819x1024.png 819w, https:\/\/didabrasil.com.br\/assessoriadeimprensadigital\/wp-content\/uploads\/2025\/04\/3-1-768x960.png 768w\" sizes=\"(max-width: 1080px) 100vw, 1080px\" \/><\/figure><\/div>\n\n\n<h3 class=\"wp-block-heading has-text-align-center has-neve-text-color-color has-text-color\">Profissionais de Comunica\u00e7\u00e3o e Marketing<\/h3>\n\n\n\n<p class=\"has-text-align-center\"><\/p>\n\n\n\n<div style=\"height:20px\" aria-hidden=\"true\" class=\"wp-block-spacer\"><\/div>\n<\/div>\n\n\n\n<div class=\"wp-block-column is-layout-flow wp-block-column-is-layout-flow\" style=\"padding-right:var(--wp--preset--spacing--30);padding-left:var(--wp--preset--spacing--30)\"><div class=\"wp-block-image icon-style is-style-default wp-duotone-unset-2\">\n<figure class=\"aligncenter size-full is-resized has-custom-border\"><img loading=\"lazy\" decoding=\"async\" width=\"1080\" height=\"1350\" src=\"https:\/\/didabrasil.com.br\/assessoriadeimprensadigital\/wp-content\/uploads\/2025\/04\/2-1.png\" alt=\"\" class=\"wp-image-64\" style=\"border-radius:0px;width:107px;height:auto\" title=\"\" srcset=\"https:\/\/didabrasil.com.br\/assessoriadeimprensadigital\/wp-content\/uploads\/2025\/04\/2-1.png 1080w, https:\/\/didabrasil.com.br\/assessoriadeimprensadigital\/wp-content\/uploads\/2025\/04\/2-1-240x300.png 240w, https:\/\/didabrasil.com.br\/assessoriadeimprensadigital\/wp-content\/uploads\/2025\/04\/2-1-819x1024.png 819w, https:\/\/didabrasil.com.br\/assessoriadeimprensadigital\/wp-content\/uploads\/2025\/04\/2-1-768x960.png 768w\" sizes=\"(max-width: 1080px) 100vw, 1080px\" \/><\/figure><\/div>\n\n\n<h3 class=\"wp-block-heading has-text-align-center has-neve-text-color-color has-text-color\"> Estudantes e rec\u00e9m-formados<\/h3>\n\n\n\n<p class=\"has-text-align-center\"><\/p>\n\n\n\n<div style=\"height:0px\" aria-hidden=\"true\" class=\"wp-block-spacer\"><\/div>\n<\/div>\n\n\n\n<div class=\"wp-block-column is-layout-flow wp-block-column-is-layout-flow\" style=\"padding-right:var(--wp--preset--spacing--30);padding-left:var(--wp--preset--spacing--30)\"><div class=\"wp-block-image icon-style is-style-default wp-duotone-unset-3\">\n<figure class=\"aligncenter size-full is-resized has-custom-border\"><img loading=\"lazy\" decoding=\"async\" width=\"1080\" height=\"1350\" src=\"https:\/\/didabrasil.com.br\/assessoriadeimprensadigital\/wp-content\/uploads\/2025\/04\/4.png\" alt=\"\" class=\"wp-image-66\" style=\"border-radius:0px;width:110px;height:auto\" title=\"\" srcset=\"https:\/\/didabrasil.com.br\/assessoriadeimprensadigital\/wp-content\/uploads\/2025\/04\/4.png 1080w, https:\/\/didabrasil.com.br\/assessoriadeimprensadigital\/wp-content\/uploads\/2025\/04\/4-240x300.png 240w, https:\/\/didabrasil.com.br\/assessoriadeimprensadigital\/wp-content\/uploads\/2025\/04\/4-819x1024.png 819w, https:\/\/didabrasil.com.br\/assessoriadeimprensadigital\/wp-content\/uploads\/2025\/04\/4-768x960.png 768w\" sizes=\"(max-width: 1080px) 100vw, 1080px\" \/><\/figure><\/div>\n\n\n<h3 class=\"wp-block-heading has-text-align-center has-neve-text-color-color has-text-color\">Gestores de empresas e institui\u00e7\u00f5es do terceiro setor.<\/h3>\n\n\n\n<div style=\"height:20px\" aria-hidden=\"true\" class=\"wp-block-spacer\"><\/div>\n<\/div>\n<\/div>\n\n\n\n<div class=\"wp-block-cover alignfull\" style=\"min-height:591px;aspect-ratio:unset;\"><span aria-hidden=\"true\" class=\"wp-block-cover__background has-nv-light-bg-background-color has-background-dim-80 has-background-dim\"><\/span><div class=\"wp-block-cover__inner-container is-layout-flow wp-block-cover-is-layout-flow\">\n<div class=\"wp-block-group\"><div class=\"wp-block-group__inner-container is-layout-flow wp-block-group-is-layout-flow\">\n<div class=\"wp-block-columns is-layout-flex wp-container-core-columns-is-layout-9d6595d7 wp-block-columns-is-layout-flex\">\n<div class=\"wp-block-column is-layout-flow wp-block-column-is-layout-flow\" style=\"padding-right:0;padding-left:0;flex-basis:20%\">\n<div class=\"wp-block-group is-vertical is-content-justification-center is-layout-flex wp-container-core-group-is-layout-4b2eccd6 wp-block-group-is-layout-flex\"><\/div>\n<\/div>\n\n\n\n<div class=\"wp-block-column is-layout-flow wp-block-column-is-layout-flow\" style=\"flex-basis:60%\">\n<div class=\"wp-block-group is-vertical is-layout-flex wp-container-core-group-is-layout-8cf370e7 wp-block-group-is-layout-flex\">\n<h2 class=\"wp-block-heading has-neve-text-color-color has-text-color has-link-color wp-elements-416725dc33b479ae45117f06c29450d9\">O QUE VAI ENCONTRAR NESTE E-BOOK?<\/h2>\n\n\n\n<p class=\"has-text-align-left has-neve-text-color-color has-text-color has-link-color wp-elements-b3f2fb40d803fa7bd82309c08f7a5c4d\"><br>\u2705 Intelig\u00eancia Artificial aplicada \u00e0 assessoria de imprensa &#8211; Como utilizar ferramentas de IA para potencializar resultados;<\/p>\n\n\n\n<p class=\"has-text-align-left has-neve-text-color-color has-text-color has-link-color wp-elements-9ba8c551ead09b45f2cd104fa3a84987\">\u2705    Estrat\u00e9gias completas para emplacar no digital &#8211; T\u00e9cnicas pr\u00e1ticas e atualizadas;<\/p>\n\n\n\n<p class=\"has-text-align-left has-neve-text-color-color has-text-color has-link-color wp-elements-5db5e52925476c76df747036ba312078\">\u2705 Gest\u00e3o de crise no ambiente online &#8211; Protocolos e procedimentos para situa\u00e7\u00f5es cr\u00edticas;<\/p>\n\n\n\n<p class=\"has-text-align-left has-neve-text-color-color has-text-color has-link-color wp-elements-f8da872b357dbc5f0b48e3f2d6867e5e\">\u2705 Como trabalhar com influenciadores &#8211; Estrat\u00e9gias de parceria que amplificam o alcance das suas pautas;<\/p>\n\n\n\n<p class=\"has-text-align-left has-neve-text-color-color has-text-color has-link-color wp-elements-e2ff348905ab102ec884860b1d0b4e37\">\u2705 Mensura\u00e7\u00e3o de resultados &#8211; Aprenda a entregar relat\u00f3rios de impacto que impressionam seus clientes<\/p>\n\n\n\n<p class=\"has-text-align-left has-neve-text-color-color has-text-color has-link-color wp-elements-5e2f24d5a061b4671e0bec78301de2bd\">\u2705 Projetos pr\u00e1ticos completos para ONGs, empresas e personalidades &#8211; Modelos prontos para implementar;<\/p>\n\n\n\n<div style=\"height:0px\" aria-hidden=\"true\" class=\"wp-block-spacer wp-container-content-541a6b20\"><\/div>\n<\/div>\n<\/div>\n\n\n\n<div class=\"wp-block-column is-layout-flow wp-block-column-is-layout-flow\" style=\"flex-basis:20%\">\n<div class=\"wp-block-group is-vertical is-content-justification-center is-layout-flex wp-container-core-group-is-layout-4b2eccd6 wp-block-group-is-layout-flex\"><\/div>\n<\/div>\n<\/div>\n<\/div><\/div>\n<\/div><\/div>\n\n\n\n<div class=\"wp-block-cover alignfull has-nv-text-dark-bg-color has-text-color has-link-color wp-elements-e534b0bf6bcb7b738c7cdb4ceda5c0ea\" style=\"min-height:517px;aspect-ratio:unset;\"><span aria-hidden=\"true\" class=\"wp-block-cover__background has-nv-dark-bg-background-color has-background-dim-100 has-background-dim\"><\/span><div class=\"wp-block-cover__inner-container is-layout-flow wp-block-cover-is-layout-flow\">\n<div class=\"wp-block-columns is-layout-flex wp-container-core-columns-is-layout-9d6595d7 wp-block-columns-is-layout-flex\">\n<div class=\"wp-block-column ticss-4ce656f1 is-layout-flow wp-block-column-is-layout-flow\"><div class=\"wp-block-image is-style-rounded\">\n<figure class=\"aligncenter size-full is-resized\"><img decoding=\"async\" src=\"https:\/\/didabrasil.com.br\/assessoriadeimprensadigital\/wp-content\/themes\/neve\/assets\/img\/starter-content\/neve-marketing-agency-04.png\" alt=\"\" style=\"width:80px;height:80px\"\/><\/figure><\/div>\n\n\n<p class=\"has-text-align-center has-nv-text-dark-bg-color has-text-color has-link-color wp-elements-164f1ca2e2a777e0087284db34c07dba\">&#8220;Este e-book \u00e9 um divisor de \u00e1guas para qualquer assessor de imprensa que queira se destacar no mercado atual. Estrat\u00e9gias pr\u00e1ticas e conte\u00fado atualizado com as \u00faltimas tend\u00eancias.&#8221; &#8211;<\/p>\n\n\n\n<p class=\"has-text-align-center has-nv-text-dark-bg-color has-text-color has-small-font-size\" style=\"text-transform:uppercase\"><strong> Ana Paula Rodrigues, Diretora de Comunica\u00e7\u00e3o<\/strong>.<\/p>\n\n\n\n<div style=\"height:20px\" aria-hidden=\"true\" class=\"wp-block-spacer\"><\/div>\n<\/div>\n\n\n\n<div class=\"wp-block-column ticss-f6fc7494 is-layout-flow wp-block-column-is-layout-flow\"><div class=\"wp-block-image is-style-rounded\">\n<figure class=\"aligncenter size-full is-resized\"><img decoding=\"async\" src=\"https:\/\/didabrasil.com.br\/assessoriadeimprensadigital\/wp-content\/themes\/neve\/assets\/img\/starter-content\/neve-marketing-agency-03.png\" alt=\"\" style=\"width:80px;height:80px\"\/><\/figure><\/div>\n\n\n<p class=\"has-text-align-center has-nv-text-dark-bg-color has-text-color\">\u201c&#8221;Implementei as estrat\u00e9gias de integra\u00e7\u00e3o com influenciadores e os resultados foram impressionantes. Em apenas 2 meses, aumentamos em 340% a visibilidade do meu cliente.\u201d<\/p>\n\n\n\n<p class=\"has-text-align-center has-nv-text-dark-bg-color has-text-color has-small-font-size\" style=\"text-transform:uppercase\"><strong>Carlos Eduardo, Assessor de Imprensa<\/strong><\/p>\n\n\n\n<div style=\"height:20px\" aria-hidden=\"true\" class=\"wp-block-spacer\"><\/div>\n<\/div>\n\n\n\n<div class=\"wp-block-column ticss-a5b4df29 is-layout-flow wp-block-column-is-layout-flow\"><div class=\"wp-block-image is-style-rounded\">\n<figure class=\"aligncenter size-full is-resized\"><img decoding=\"async\" src=\"https:\/\/didabrasil.com.br\/assessoriadeimprensadigital\/wp-content\/themes\/neve\/assets\/img\/starter-content\/neve-marketing-agency-02.png\" alt=\"\" style=\"width:80px;height:80px\"\/><\/figure><\/div>\n\n\n<p class=\"has-text-align-center has-nv-text-dark-bg-color has-text-color\">\u201cEste e-book transformou nossa abordagem de assessoria digital. As t\u00e9cnicas de mensura\u00e7\u00e3o nos permitiram demonstrar um ROI maior em apenas um trimestre. Material essencial para quem busca integrar PR com marketing de forma eficaz.\u201d<\/p>\n\n\n\n<p class=\"has-text-align-center has-nv-text-dark-bg-color has-text-color has-small-font-size\" style=\"text-transform:uppercase\"><strong>Iara Mendes, Gestora de Marketing<\/strong>.<\/p>\n\n\n\n<div style=\"height:20px\" aria-hidden=\"true\" class=\"wp-block-spacer\"><\/div>\n<\/div>\n<\/div>\n<\/div><\/div>\n\n\n\n<div class=\"wp-block-cover alignfull\" style=\"min-height:600px;aspect-ratio:unset;\"><span aria-hidden=\"true\" class=\"wp-block-cover__background has-nv-site-bg-background-color has-background-dim-100 has-background-dim\"><\/span><div class=\"wp-block-cover__inner-container is-layout-flow wp-block-cover-is-layout-flow\">\n<div class=\"wp-block-group\"><div class=\"wp-block-group__inner-container is-layout-flow wp-block-group-is-layout-flow\">\n<div class=\"wp-block-columns are-vertically-aligned-center is-layout-flex wp-container-core-columns-is-layout-9d6595d7 wp-block-columns-is-layout-flex\">\n<div class=\"wp-block-column is-vertically-aligned-center is-layout-flow wp-block-column-is-layout-flow\" style=\"padding-right:var(--wp--preset--spacing--30);padding-left:var(--wp--preset--spacing--30);flex-basis:50%\">\n<h2 class=\"wp-block-heading has-text-align-left has-neve-text-color-color has-text-color\">Perguntas Frequentes<\/h2>\n\n\n\n<p class=\"has-text-align-left has-neve-text-color-color has-text-color\" style=\"font-size:17px\"><strong>Como receberei o e-book ap\u00f3s a compra? <\/strong><\/p>\n\n\n\n<p class=\"has-text-align-left has-neve-text-color-color has-text-color\" style=\"font-size:17px\"><em>Voc\u00ea receber\u00e1 um e-mail com um link para download do material em formato PDF.<\/em><\/p>\n\n\n\n<p class=\"has-text-align-left has-neve-text-color-color has-text-color\" style=\"font-size:17px\"><em><strong>Preciso ter experi\u00eancia em assessoria de imprensa para aproveitar o conte\u00fado? <\/strong><\/em><\/p>\n\n\n\n<p class=\"has-text-align-left has-neve-text-color-color has-text-color\" style=\"font-size:17px\"><em>N\u00e3o! O material \u00e9 estruturado para todos os n\u00edveis, desde iniciantes at\u00e9 profissionais experientes.<\/em><\/p>\n\n\n\n<p class=\"has-text-align-left has-neve-text-color-color has-text-color\" style=\"font-size:17px\"><strong>Quanto tempo terei acesso ao material? <\/strong><\/p>\n\n\n\n<p class=\"has-text-align-left has-neve-text-color-color has-text-color\" style=\"font-size:17px\"><em>Voc\u00ea ter\u00e1 acesso vital\u00edcio ao e-book.<\/em><\/p>\n\n\n\n<p class=\"has-text-align-left has-neve-text-color-color has-text-color\" style=\"font-size:17px\"><strong>O conte\u00fado \u00e9 aplic\u00e1vel para pequenas empresas ou apenas para grandes corpora\u00e7\u00f5es? <\/strong><\/p>\n\n\n\n<p class=\"has-text-align-left has-neve-text-color-color has-text-color\" style=\"font-size:17px\"><em>O e-book foi desenvolvido com estrat\u00e9gias escal\u00e1veis que funcionam tanto para pequenos neg\u00f3cios quanto para grandes empresas, bem como para organiza\u00e7\u00f5es do terceiro setor e pessoas, com exemplos pr\u00e1ticos estes segmentos. <\/em><\/p>\n\n\n\n<p>Voc\u00ea receber\u00e1 um e-mail com um link para download do material em formato PDF.<\/p>\n\n\n\n<p><\/p>\n\n\n\n<p><\/p>\n\n\n\n<div class=\"wp-block-buttons has-custom-font-size has-small-font-size is-content-justification-left is-layout-flex wp-container-core-buttons-is-layout-fdcfc74e wp-block-buttons-is-layout-flex\">\n<div class=\"wp-block-button\"><a class=\"wp-block-button__link wp-element-button\" href=\"https:\/\/pay.hotmart.com\/L99238776J?bid=1745864448854\">cOMPRAR AGORA<\/a><\/div>\n<\/div>\n<\/div>\n\n\n\n<div class=\"wp-block-column is-vertically-aligned-center is-layout-flow wp-block-column-is-layout-flow\" style=\"padding-right:var(--wp--preset--spacing--30);padding-left:var(--wp--preset--spacing--30);flex-basis:50%\"><\/div>\n<\/div>\n<\/div><\/div>\n<\/div><\/div>\n\n\n\n<div class=\"wp-block-cover alignfull\" style=\"min-height:300px;aspect-ratio:unset;\"><span aria-hidden=\"true\" class=\"wp-block-cover__background has-neve-link-color-background-color has-background-dim-100 has-background-dim\"><\/span><div class=\"wp-block-cover__inner-container is-layout-flow wp-block-cover-is-layout-flow\">\n<div class=\"wp-block-columns is-layout-flex wp-container-core-columns-is-layout-9d6595d7 wp-block-columns-is-layout-flex\">\n<div class=\"wp-block-column is-layout-flow wp-block-column-is-layout-flow\" style=\"flex-basis:20%\"><\/div>\n\n\n\n<div class=\"wp-block-column is-layout-flow wp-block-column-is-layout-flow\" style=\"flex-basis:60%\">\n<div class=\"wp-block-group\"><div class=\"wp-block-group__inner-container is-layout-constrained wp-block-group-is-layout-constrained\">\n<h2 class=\"wp-block-heading has-text-align-center has-nv-text-dark-bg-color has-text-color\">GARANTIA 7 DIAS<\/h2>\n\n\n\n<h2 class=\"wp-block-heading has-text-align-center has-nv-text-dark-bg-color has-text-color\">ADQUIRA J\u00c1 A SUA C\u00d3PIA!<\/h2>\n\n\n\n<p class=\"has-text-align-center has-nv-text-dark-bg-color has-text-color has-link-color wp-elements-e0a1f57ecad25d2428d199b8f0e4371e\">TRANSFORME SUA ASSESSORIA DE IMPRENSA<\/p>\n\n\n\n<div class=\"wp-block-buttons is-horizontal is-content-justification-center is-layout-flex wp-container-core-buttons-is-layout-499968f5 wp-block-buttons-is-layout-flex\">\n<div class=\"wp-block-button is-style-primary\"><a class=\"wp-block-button__link has-neve-link-color-color has-text-color has-background has-link-color wp-element-button\" href=\"https:\/\/pay.hotmart.com\/L99238776J?bid=1745864448854\" style=\"background-color:#ffffff\">COMPRAR AGORA!<\/a><\/div>\n<\/div>\n<\/div><\/div>\n<\/div>\n\n\n\n<div class=\"wp-block-column is-layout-flow wp-block-column-is-layout-flow\" style=\"flex-basis:20%\"><\/div>\n<\/div>\n<\/div><\/div>\n","protected":false},"excerpt":{"rendered":"<p>Assessores de imprensa Profissionais de Comunica\u00e7\u00e3o e Marketing Estudantes e rec\u00e9m-formados Gestores de empresas e institui\u00e7\u00f5es do terceiro setor.<\/p>\n","protected":false},"author":1,"featured_media":0,"parent":0,"menu_order":0,"comment_status":"closed","ping_status":"closed","template":"","meta":{"neve_meta_sidebar":"","neve_meta_container":"","neve_meta_enable_content_width":"on","neve_meta_content_width":100,"neve_meta_title_alignment":"","neve_meta_author_avatar":"","neve_post_elements_order":"","neve_meta_disable_header":"","neve_meta_disable_footer":"","neve_meta_disable_title":"on","footnotes":""},"class_list":["post-20","page","type-page","status-publish","hentry"],"_links":{"self":[{"href":"https:\/\/didabrasil.com.br\/assessoriadeimprensadigital\/wp-json\/wp\/v2\/pages\/20","targetHints":{"allow":["GET"]}}],"collection":[{"href":"https:\/\/didabrasil.com.br\/assessoriadeimprensadigital\/wp-json\/wp\/v2\/pages"}],"about":[{"href":"https:\/\/didabrasil.com.br\/assessoriadeimprensadigital\/wp-json\/wp\/v2\/types\/page"}],"author":[{"embeddable":true,"href":"https:\/\/didabrasil.com.br\/assessoriadeimprensadigital\/wp-json\/wp\/v2\/users\/1"}],"replies":[{"embeddable":true,"href":"https:\/\/didabrasil.com.br\/assessoriadeimprensadigital\/wp-json\/wp\/v2\/comments?post=20"}],"version-history":[{"count":20,"href":"https:\/\/didabrasil.com.br\/assessoriadeimprensadigital\/wp-json\/wp\/v2\/pages\/20\/revisions"}],"predecessor-version":[{"id":97,"href":"https:\/\/didabrasil.com.br\/assessoriadeimprensadigital\/wp-json\/wp\/v2\/pages\/20\/revisions\/97"}],"wp:attachment":[{"href":"https:\/\/didabrasil.com.br\/assessoriadeimprensadigital\/wp-json\/wp\/v2\/media?parent=20"}],"curies":[{"name":"wp","href":"https:\/\/api.w.org\/{rel}","templated":true}]}}